{"id":41,"date":"2019-03-25T10:08:27","date_gmt":"2019-03-25T09:08:27","guid":{"rendered":"http:\/\/fotbalmoravskebranice.cz\/?page_id=41"},"modified":"2019-03-25T14:22:49","modified_gmt":"2019-03-25T13:22:49","slug":"z-let-1936-45","status":"publish","type":"page","link":"https:\/\/fotbalmoravskebranice.cz\/?page_id=41","title":{"rendered":"Z let 1936-45"},"content":{"rendered":"\t\t<div data-elementor-type=\"wp-post\" data-elementor-id=\"41\" class=\"elementor elementor-41\" data-elementor-settings=\"[]\">\n\t\t\t<div class=\"elementor-inner\">\n\t\t\t\t<div class=\"elementor-section-wrap\">\n\t\t\t\t\t\t\t<section class=\"elementor-element elementor-element-e579500 elementor-section-boxed elementor-section-height-default elementor-section-height-default elementor-section elementor-top-section\" data-id=\"e579500\" data-element_type=\"section\">\n\t\t\t\t\t\t<div class=\"elementor-container elementor-column-gap-default\">\n\t\t\t\t<div class=\"elementor-row\">\n\t\t\t\t<div class=\"elementor-element elementor-element-8e2da23 elementor-column elementor-col-100 elementor-top-column\" data-id=\"8e2da23\" data-element_type=\"column\">\n\t\t\t<div class=\"elementor-column-wrap  elementor-element-populated\">\n\t\t\t\t\t<div class=\"elementor-widget-wrap\">\n\t\t\t\t<div class=\"elementor-element elementor-element-a142042 elementor-widget elementor-widget-text-editor\" data-id=\"a142042\" data-element_type=\"widget\" data-widget_type=\"text-editor.default\">\n\t\t\t\t<div class=\"elementor-widget-container\">\n\t\t\t\t\t<div class=\"elementor-text-editor elementor-clearfix\"><div style=\"text-align: center;\"><p><big style=\"font-weight: bold;\">Protokol <\/big><\/p><\/div><div style=\"text-align: center;\"><p>o informa\u010dn\u00ed sch\u016fzi pro zalo\u017een\u00ed S.K. Moravsk\u00e9 Br\u00e1nice<\/p><p>Svolavatel\u00a0 Jan\u00a0 Kr\u0161\u0148\u00e1k\u00a0 svolal\u00a0 ob\u011b\u017en\u00edkem\u00a0 na\u00a0 den\u00a0 18\/6\u00a0 1936\u00a0 o\u00a0 1\/2\u00a0 9\u00a0 hod.\u00a0 ve\u010d.\u00a0 do <br \/>m\u00edstnosti p. St. Kali\u0161e informa\u010dn\u00ed sch\u016fzi za \u00fa\u010delem ustaven\u00ed S.K. Mor. Br\u00e1nice.<\/p><\/div><div style=\"text-align: center;\">Po p\u0159e\u010dten\u00ed\u00a0 klubovn\u00edch\u00a0 stanov byl\u00a0 zvolen p\u0159\u00edpravn\u00fd v\u00fdbor,\u00a0 kter\u00fd se skl\u00e1d\u00e1\u00a0 z\u00a0 t\u011bchto <br \/>\u010dlen\u016f: \u00a0<\/div><div style=\"text-align: center;\"><div style=\"text-align: left; margin-left: 200px;\">1)\u00a0 Franti\u0161ek Jindra, d\u011bln\u00edk vrchn\u00ed stavby \u010cSD, Mor. Br\u00e1nice \u010d. 168 <br \/>2)\u00a0 Franti\u0161ek Badin, z\u00e1me\u010dn\u00edk, Mor. Br\u00e1nice \u010d. 194 <br \/>3)\u00a0 Josef \u0160lapansk\u00fd, soud. zam\u011bstnanec, Mor. Br\u00e1nice \u010d. 87 <br \/>4)\u00a0 Josef Navr\u00e1til, \u00fa\u0159edn\u00edk, Mor. Br\u00e1nice \u010d. 20 <br \/>5)\u00a0 Jan Kr\u0161\u0148\u00e1k, lak\u00fdrn\u00edk, Mor. Br\u00e1nice \u010d. 135<\/div><\/div><div style=\"text-align: center; margin-left: 40px;\">\u00a0<\/div><div style=\"margin-left: 200px; width: 600px;\"><p>Bylo\u00a0 usneseno\u00a0 aby\u00a0 tento\u00a0 p\u0159\u00edpravn\u00fd\u00a0 v\u00fdbor\u00a0 p\u0159edlo\u017eil\u00a0 stanovy\u00a0 zemsk\u00e9mu\u00a0 \u00fa\u0159adu\u00a0 ke <br \/>schv\u00e1len\u00ed.<\/p><p>Sch\u016fze se z\u00fa\u010dastnili 3 deleg\u00e1ti z S.K. Dol. Kounice.<\/p><p>Zapsal<\/p><p>Jos. Navr\u00e1til<\/p><p>Podpisy z\u00fa\u010dastn\u011bn\u00fdch:<\/p><\/div><div style=\"text-align: center; margin-left: 40px;\"><p>Elsner Josef <br \/>Jindra Franti\u0161ek <br \/>Zoufal\u00fd Josef <br \/>Cetl Max <br \/>Jan Kr\u0161\u0148\u00e1k <br \/>Jos. \u0160lapansk\u00fd <br \/>Jos. Navr\u00e1til <br \/>Badin Frant.<\/p><\/div><\/div>\n\t\t\t\t<\/div>\n\t\t\t\t<\/div>\n\t\t\t\t\t\t<\/div>\n\t\t\t<\/div>\n\t\t<\/div>\n\t\t\t\t\t\t<\/div>\n\t\t\t<\/div>\n\t\t<\/section>\n\t\t\t\t\t\t<\/div>\n\t\t\t<\/div>\n\t\t<\/div>\n\t\t","protected":false},"excerpt":{"rendered":"<p>Protokol o informa\u010dn\u00ed sch\u016fzi pro zalo\u017een\u00ed S.K. Moravsk\u00e9 Br\u00e1nice Svolavatel\u00a0 Jan\u00a0 Kr\u0161\u0148\u00e1k\u00a0 svolal\u00a0 ob\u011b\u017en\u00edkem\u00a0 na\u00a0 den\u00a0 18\/6\u00a0 1936\u00a0 o\u00a0 1\/2\u00a0 9\u00a0 hod.\u00a0 ve\u010d.\u00a0 do m\u00edstnosti p. St. Kali\u0161e informa\u010dn\u00ed sch\u016fzi za \u00fa\u010delem ustaven\u00ed S.K. Mor. Br\u00e1nice. Po p\u0159e\u010dten\u00ed\u00a0 klubovn\u00edch\u00a0 stanov byl\u00a0 zvolen p\u0159\u00edpravn\u00fd v\u00fdbor,\u00a0 kter\u00fd se skl\u00e1d\u00e1\u00a0 z\u00a0 t\u011bchto \u010dlen\u016f: \u00a01)\u00a0 Franti\u0161ek Jindra, d\u011bln\u00edk vrchn\u00ed [&hellip;]<\/p>\n","protected":false},"author":1,"featured_media":0,"parent":0,"menu_order":0,"comment_status":"closed","ping_status":"closed","template":"","meta":{"footnotes":""},"class_list":["post-41","page","type-page","status-publish","hentry"],"_links":{"self":[{"href":"https:\/\/fotbalmoravskebranice.cz\/index.php?rest_route=\/wp\/v2\/pages\/41"}],"collection":[{"href":"https:\/\/fotbalmoravskebranice.cz\/index.php?rest_route=\/wp\/v2\/pages"}],"about":[{"href":"https:\/\/fotbalmoravskebranice.cz\/index.php?rest_route=\/wp\/v2\/types\/page"}],"author":[{"embeddable":true,"href":"https:\/\/fotbalmoravskebranice.cz\/index.php?rest_route=\/wp\/v2\/users\/1"}],"replies":[{"embeddable":true,"href":"https:\/\/fotbalmoravskebranice.cz\/index.php?rest_route=%2Fwp%2Fv2%2Fcomments&post=41"}],"version-history":[{"count":5,"href":"https:\/\/fotbalmoravskebranice.cz\/index.php?rest_route=\/wp\/v2\/pages\/41\/revisions"}],"predecessor-version":[{"id":122,"href":"https:\/\/fotbalmoravskebranice.cz\/index.php?rest_route=\/wp\/v2\/pages\/41\/revisions\/122"}],"wp:attachment":[{"href":"https:\/\/fotbalmoravskebranice.cz\/index.php?rest_route=%2Fwp%2Fv2%2Fmedia&parent=41"}],"curies":[{"name":"wp","href":"https:\/\/api.w.org\/{rel}","templated":true}]}}