{"id":58,"date":"2019-03-25T10:26:25","date_gmt":"2019-03-25T09:26:25","guid":{"rendered":"http:\/\/fotbalmoravskebranice.cz\/?page_id=58"},"modified":"2026-03-19T18:57:59","modified_gmt":"2026-03-19T17:57:59","slug":"starsi-pripravka","status":"publish","type":"page","link":"https:\/\/fotbalmoravskebranice.cz\/?page_id=58","title":{"rendered":"Star\u0161\u00ed p\u0159\u00edpravka"},"content":{"rendered":"\t\t<div data-elementor-type=\"wp-post\" data-elementor-id=\"58\" class=\"elementor elementor-58\" data-elementor-settings=\"[]\">\n\t\t\t<div class=\"elementor-inner\">\n\t\t\t\t<div class=\"elementor-section-wrap\">\n\t\t\t\t\t\t\t<section class=\"elementor-element elementor-element-ef90351 elementor-section-boxed elementor-section-height-default elementor-section-height-default elementor-section elementor-top-section\" data-id=\"ef90351\" data-element_type=\"section\">\n\t\t\t\t\t\t<div class=\"elementor-container elementor-column-gap-default\">\n\t\t\t\t<div class=\"elementor-row\">\n\t\t\t\t<div class=\"elementor-element elementor-element-a7ead6b elementor-column elementor-col-100 elementor-top-column\" data-id=\"a7ead6b\" data-element_type=\"column\">\n\t\t\t<div class=\"elementor-column-wrap  elementor-element-populated\">\n\t\t\t\t\t<div class=\"elementor-widget-wrap\">\n\t\t\t\t<section class=\"elementor-element elementor-element-d8e38cc elementor-section-boxed elementor-section-height-default elementor-section-height-default elementor-section elementor-inner-section\" data-id=\"d8e38cc\" data-element_type=\"section\">\n\t\t\t\t\t\t<div class=\"elementor-container elementor-column-gap-default\">\n\t\t\t\t<div class=\"elementor-row\">\n\t\t\t\t<div class=\"elementor-element elementor-element-fd60d6b elementor-column elementor-col-100 elementor-inner-column\" data-id=\"fd60d6b\" data-element_type=\"column\">\n\t\t\t<div class=\"elementor-column-wrap  elementor-element-populated\">\n\t\t\t\t\t<div class=\"elementor-widget-wrap\">\n\t\t\t\t<div class=\"elementor-element elementor-element-030a55e elementor-widget elementor-widget-image\" data-id=\"030a55e\" data-element_type=\"widget\" data-widget_type=\"image.default\">\n\t\t\t\t<div class=\"elementor-widget-container\">\n\t\t\t\t\t<div class=\"elementor-image\">\n\t\t\t\t\t\t\t\t\t\t<img loading=\"lazy\" decoding=\"async\" width=\"654\" height=\"436\" src=\"https:\/\/fotbalmoravskebranice.cz\/wp-content\/uploads\/2023\/09\/stpripr2023-1024x683.jpg\" class=\"attachment-large size-large\" alt=\"\" srcset=\"https:\/\/fotbalmoravskebranice.cz\/wp-content\/uploads\/2023\/09\/stpripr2023-1024x683.jpg 1024w, https:\/\/fotbalmoravskebranice.cz\/wp-content\/uploads\/2023\/09\/stpripr2023-300x200.jpg 300w, https:\/\/fotbalmoravskebranice.cz\/wp-content\/uploads\/2023\/09\/stpripr2023-768x512.jpg 768w, https:\/\/fotbalmoravskebranice.cz\/wp-content\/uploads\/2023\/09\/stpripr2023-1536x1024.jpg 1536w, https:\/\/fotbalmoravskebranice.cz\/wp-content\/uploads\/2023\/09\/stpripr2023-2048x1365.jpg 2048w, https:\/\/fotbalmoravskebranice.cz\/wp-content\/uploads\/2023\/09\/stpripr2023-2x1.jpg 2w\" sizes=\"(max-width: 654px) 100vw, 654px\" \/>\t\t\t\t\t\t\t\t\t\t\t<\/div>\n\t\t\t\t<\/div>\n\t\t\t\t<\/div>\n\t\t\t\t\t\t<\/div>\n\t\t\t<\/div>\n\t\t<\/div>\n\t\t\t\t\t\t<\/div>\n\t\t\t<\/div>\n\t\t<\/section>\n\t\t\t\t<div class=\"elementor-element elementor-element-82b0802 elementor-widget elementor-widget-text-editor\" data-id=\"82b0802\" data-element_type=\"widget\" data-widget_type=\"text-editor.default\">\n\t\t\t\t<div class=\"elementor-widget-container\">\n\t\t\t\t\t<div class=\"elementor-text-editor elementor-clearfix\"><h3 style=\"text-align: center;\"><em><span style=\"text-decoration: underline;\"><span style=\"color: #808080;\"><strong><span style=\"vertical-align: inherit;\"><span style=\"vertical-align: inherit;\"><span style=\"vertical-align: inherit;\"><span style=\"vertical-align: inherit;\"><span style=\"vertical-align: inherit;\"><span style=\"vertical-align: inherit;\"><span style=\"vertical-align: inherit;\"><span style=\"vertical-align: inherit;\"><span style=\"vertical-align: inherit;\"><span style=\"vertical-align: inherit;\"><span style=\"vertical-align: inherit;\"><span style=\"vertical-align: inherit;\"><span style=\"vertical-align: inherit;\"><span style=\"vertical-align: inherit;\"><span style=\"vertical-align: inherit;\"><span style=\"vertical-align: inherit;\"><span style=\"vertical-align: inherit;\"><span style=\"vertical-align: inherit;\"><span dir=\"auto\" style=\"vertical-align: inherit;\"><span dir=\"auto\" style=\"vertical-align: inherit;\">Rozpis z\u00e1pas\u016f JARO 2026:<\/span><\/span><\/span><\/span><\/span><\/span><\/span><\/span><\/span><\/span><\/span><\/span><\/span><\/span><\/span><\/span><\/span><\/span><\/span><\/span><\/strong><\/span><\/span><\/em><\/h3><\/div>\n\t\t\t\t<\/div>\n\t\t\t\t<\/div>\n\t\t\t\t\t\t<\/div>\n\t\t\t<\/div>\n\t\t<\/div>\n\t\t\t\t\t\t<\/div>\n\t\t\t<\/div>\n\t\t<\/section>\n\t\t\t\t<section class=\"elementor-element elementor-element-86f6087 elementor-section-boxed elementor-section-height-default elementor-section-height-default elementor-section elementor-top-section\" data-id=\"86f6087\" data-element_type=\"section\">\n\t\t\t\t\t\t<div class=\"elementor-container elementor-column-gap-default\">\n\t\t\t\t<div class=\"elementor-row\">\n\t\t\t\t<div class=\"elementor-element elementor-element-5e198be elementor-column elementor-col-100 elementor-top-column\" data-id=\"5e198be\" data-element_type=\"column\">\n\t\t\t<div class=\"elementor-column-wrap  elementor-element-populated\">\n\t\t\t\t\t<div class=\"elementor-widget-wrap\">\n\t\t\t\t<div class=\"elementor-element elementor-element-747772f elementor-widget elementor-widget-image\" data-id=\"747772f\" data-element_type=\"widget\" data-widget_type=\"image.default\">\n\t\t\t\t<div class=\"elementor-widget-container\">\n\t\t\t\t\t<div class=\"elementor-image\">\n\t\t\t\t\t\t\t\t\t\t<img loading=\"lazy\" decoding=\"async\" width=\"572\" height=\"437\" src=\"https:\/\/fotbalmoravskebranice.cz\/wp-content\/uploads\/2026\/03\/pripravkajaro2026.png\" class=\"attachment-large size-large\" alt=\"\" srcset=\"https:\/\/fotbalmoravskebranice.cz\/wp-content\/uploads\/2026\/03\/pripravkajaro2026.png 572w, https:\/\/fotbalmoravskebranice.cz\/wp-content\/uploads\/2026\/03\/pripravkajaro2026-300x229.png 300w, https:\/\/fotbalmoravskebranice.cz\/wp-content\/uploads\/2026\/03\/pripravkajaro2026-1x1.png 1w\" sizes=\"(max-width: 572px) 100vw, 572px\" \/>\t\t\t\t\t\t\t\t\t\t\t<\/div>\n\t\t\t\t<\/div>\n\t\t\t\t<\/div>\n\t\t\t\t\t\t<\/div>\n\t\t\t<\/div>\n\t\t<\/div>\n\t\t\t\t\t\t<\/div>\n\t\t\t<\/div>\n\t\t<\/section>\n\t\t\t\t\t\t<\/div>\n\t\t\t<\/div>\n\t\t<\/div>\n\t\t","protected":false},"excerpt":{"rendered":"<p>Rozpis z\u00e1pas\u016f JARO 2026:<\/p>\n","protected":false},"author":1,"featured_media":0,"parent":0,"menu_order":0,"comment_status":"closed","ping_status":"closed","template":"","meta":{"footnotes":""},"class_list":["post-58","page","type-page","status-publish","hentry"],"_links":{"self":[{"href":"https:\/\/fotbalmoravskebranice.cz\/index.php?rest_route=\/wp\/v2\/pages\/58"}],"collection":[{"href":"https:\/\/fotbalmoravskebranice.cz\/index.php?rest_route=\/wp\/v2\/pages"}],"about":[{"href":"https:\/\/fotbalmoravskebranice.cz\/index.php?rest_route=\/wp\/v2\/types\/page"}],"author":[{"embeddable":true,"href":"https:\/\/fotbalmoravskebranice.cz\/index.php?rest_route=\/wp\/v2\/users\/1"}],"replies":[{"embeddable":true,"href":"https:\/\/fotbalmoravskebranice.cz\/index.php?rest_route=%2Fwp%2Fv2%2Fcomments&post=58"}],"version-history":[{"count":19,"href":"https:\/\/fotbalmoravskebranice.cz\/index.php?rest_route=\/wp\/v2\/pages\/58\/revisions"}],"predecessor-version":[{"id":1949,"href":"https:\/\/fotbalmoravskebranice.cz\/index.php?rest_route=\/wp\/v2\/pages\/58\/revisions\/1949"}],"wp:attachment":[{"href":"https:\/\/fotbalmoravskebranice.cz\/index.php?rest_route=%2Fwp%2Fv2%2Fmedia&parent=58"}],"curies":[{"name":"wp","href":"https:\/\/api.w.org\/{rel}","templated":true}]}}