{"id":62,"date":"2019-03-25T10:27:04","date_gmt":"2019-03-25T09:27:04","guid":{"rendered":"http:\/\/fotbalmoravskebranice.cz\/?page_id=62"},"modified":"2024-11-05T18:33:04","modified_gmt":"2024-11-05T17:33:04","slug":"zaci","status":"publish","type":"page","link":"https:\/\/fotbalmoravskebranice.cz\/?page_id=62","title":{"rendered":"Mlad\u0161\u00ed \u017e\u00e1ci"},"content":{"rendered":"\t\t<div data-elementor-type=\"wp-post\" data-elementor-id=\"62\" class=\"elementor elementor-62\" data-elementor-settings=\"[]\">\n\t\t\t<div class=\"elementor-inner\">\n\t\t\t\t<div class=\"elementor-section-wrap\">\n\t\t\t\t\t\t\t<section class=\"elementor-element elementor-element-8e2e5d1 elementor-section-boxed elementor-section-height-default elementor-section-height-default elementor-section elementor-top-section\" data-id=\"8e2e5d1\" data-element_type=\"section\">\n\t\t\t\t\t\t<div class=\"elementor-container elementor-column-gap-default\">\n\t\t\t\t<div class=\"elementor-row\">\n\t\t\t\t<div class=\"elementor-element elementor-element-d75778f elementor-column elementor-col-100 elementor-top-column\" data-id=\"d75778f\" data-element_type=\"column\">\n\t\t\t<div class=\"elementor-column-wrap  elementor-element-populated\">\n\t\t\t\t\t<div class=\"elementor-widget-wrap\">\n\t\t\t\t<div class=\"elementor-element elementor-element-c31459e elementor-widget elementor-widget-image\" data-id=\"c31459e\" data-element_type=\"widget\" data-widget_type=\"image.default\">\n\t\t\t\t<div class=\"elementor-widget-container\">\n\t\t\t\t\t<div class=\"elementor-image\">\n\t\t\t\t\t\t\t\t\t\t<img loading=\"lazy\" decoding=\"async\" width=\"654\" height=\"441\" src=\"https:\/\/fotbalmoravskebranice.cz\/wp-content\/uploads\/2019\/04\/mlzaci2019.jpg\" class=\"attachment-large size-large\" alt=\"\" srcset=\"https:\/\/fotbalmoravskebranice.cz\/wp-content\/uploads\/2019\/04\/mlzaci2019.jpg 832w, https:\/\/fotbalmoravskebranice.cz\/wp-content\/uploads\/2019\/04\/mlzaci2019-300x202.jpg 300w, https:\/\/fotbalmoravskebranice.cz\/wp-content\/uploads\/2019\/04\/mlzaci2019-768x518.jpg 768w, https:\/\/fotbalmoravskebranice.cz\/wp-content\/uploads\/2019\/04\/mlzaci2019-1x1.jpg 1w\" sizes=\"(max-width: 654px) 100vw, 654px\" \/>\t\t\t\t\t\t\t\t\t\t\t<\/div>\n\t\t\t\t<\/div>\n\t\t\t\t<\/div>\n\t\t\t\t<div class=\"elementor-element elementor-element-f75ae01 elementor-widget elementor-widget-text-editor\" data-id=\"f75ae01\" data-element_type=\"widget\" data-widget_type=\"text-editor.default\">\n\t\t\t\t<div class=\"elementor-widget-container\">\n\t\t\t\t\t<div class=\"elementor-text-editor elementor-clearfix\"><h3 style=\"text-align: center;\"><span style=\"text-decoration: underline;\"><em><strong><span style=\"vertical-align: inherit;\"><span style=\"vertical-align: inherit;\"><span style=\"vertical-align: inherit;\"><span style=\"vertical-align: inherit;\"><span style=\"vertical-align: inherit;\"><span style=\"vertical-align: inherit;\"><span style=\"vertical-align: inherit;\"><span style=\"vertical-align: inherit;\"><span style=\"vertical-align: inherit;\"><span style=\"vertical-align: inherit;\">Rozpis z\u00e1pas\u016f\u00a0 ro\u010dn\u00edk 2024\/25:<\/span><\/span><\/span><\/span><\/span><\/span><\/span><\/span><\/span><\/span><\/strong><\/em><\/span><\/h3><\/div>\n\t\t\t\t<\/div>\n\t\t\t\t<\/div>\n\t\t\t\t\t\t<\/div>\n\t\t\t<\/div>\n\t\t<\/div>\n\t\t\t\t\t\t<\/div>\n\t\t\t<\/div>\n\t\t<\/section>\n\t\t\t\t<section class=\"elementor-element elementor-element-91de98f elementor-section-boxed elementor-section-height-default elementor-section-height-default elementor-section elementor-top-section\" data-id=\"91de98f\" data-element_type=\"section\">\n\t\t\t\t\t\t<div class=\"elementor-container elementor-column-gap-default\">\n\t\t\t\t<div class=\"elementor-row\">\n\t\t\t\t<div class=\"elementor-element elementor-element-549181e elementor-column elementor-col-100 elementor-top-column\" data-id=\"549181e\" data-element_type=\"column\">\n\t\t\t<div class=\"elementor-column-wrap  elementor-element-populated\">\n\t\t\t\t\t<div class=\"elementor-widget-wrap\">\n\t\t\t\t<div class=\"elementor-element elementor-element-dc8910a elementor-widget elementor-widget-text-editor\" data-id=\"dc8910a\" data-element_type=\"widget\" data-widget_type=\"text-editor.default\">\n\t\t\t\t<div class=\"elementor-widget-container\">\n\t\t\t\t\t<div class=\"elementor-text-editor elementor-clearfix\"><h3><em><strong><span style=\"vertical-align: inherit;\"><span style=\"vertical-align: inherit;\">Mlad\u0161\u00ed \u017e\u00e1ci v ro\u010dn\u00edku 2024\/25 nejsou z kapacitn\u00edch d\u016fvod\u016f do sout\u011b\u017ee za\u0159azeni.<\/span><\/span><\/strong><\/em><\/h3><\/div>\n\t\t\t\t<\/div>\n\t\t\t\t<\/div>\n\t\t\t\t\t\t<\/div>\n\t\t\t<\/div>\n\t\t<\/div>\n\t\t\t\t\t\t<\/div>\n\t\t\t<\/div>\n\t\t<\/section>\n\t\t\t\t<section class=\"elementor-element elementor-element-0d2b2e1 elementor-section-boxed elementor-section-height-default elementor-section-height-default elementor-section elementor-top-section\" data-id=\"0d2b2e1\" data-element_type=\"section\">\n\t\t\t\t\t\t<div class=\"elementor-container elementor-column-gap-default\">\n\t\t\t\t<div class=\"elementor-row\">\n\t\t\t\t<div class=\"elementor-element elementor-element-9abf3fe elementor-column elementor-col-100 elementor-top-column\" data-id=\"9abf3fe\" data-element_type=\"column\">\n\t\t\t<div class=\"elementor-column-wrap  elementor-element-populated\">\n\t\t\t\t\t<div class=\"elementor-widget-wrap\">\n\t\t\t\t<div class=\"elementor-element elementor-element-79175dd elementor-widget elementor-widget-heading\" data-id=\"79175dd\" data-element_type=\"widget\" data-widget_type=\"heading.default\">\n\t\t\t\t<div class=\"elementor-widget-container\">\n\t\t\t<h2 class=\"elementor-heading-title elementor-size-default\">Soupiska Mlad\u0161\u00edch \u017e\u00e1k\u016f:<\/h2>\t\t<\/div>\n\t\t\t\t<\/div>\n\t\t\t\t\t\t<\/div>\n\t\t\t<\/div>\n\t\t<\/div>\n\t\t\t\t\t\t<\/div>\n\t\t\t<\/div>\n\t\t<\/section>\n\t\t\t\t\t\t<\/div>\n\t\t\t<\/div>\n\t\t<\/div>\n\t\t","protected":false},"excerpt":{"rendered":"<p>Rozpis z\u00e1pas\u016f\u00a0 ro\u010dn\u00edk 2024\/25: Mlad\u0161\u00ed \u017e\u00e1ci v ro\u010dn\u00edku 2024\/25 nejsou z kapacitn\u00edch d\u016fvod\u016f do sout\u011b\u017ee za\u0159azeni. Soupiska Mlad\u0161\u00edch \u017e\u00e1k\u016f:<\/p>\n","protected":false},"author":1,"featured_media":0,"parent":0,"menu_order":0,"comment_status":"closed","ping_status":"closed","template":"","meta":{"footnotes":""},"class_list":["post-62","page","type-page","status-publish","hentry"],"_links":{"self":[{"href":"https:\/\/fotbalmoravskebranice.cz\/index.php?rest_route=\/wp\/v2\/pages\/62"}],"collection":[{"href":"https:\/\/fotbalmoravskebranice.cz\/index.php?rest_route=\/wp\/v2\/pages"}],"about":[{"href":"https:\/\/fotbalmoravskebranice.cz\/index.php?rest_route=\/wp\/v2\/types\/page"}],"author":[{"embeddable":true,"href":"https:\/\/fotbalmoravskebranice.cz\/index.php?rest_route=\/wp\/v2\/users\/1"}],"replies":[{"embeddable":true,"href":"https:\/\/fotbalmoravskebranice.cz\/index.php?rest_route=%2Fwp%2Fv2%2Fcomments&post=62"}],"version-history":[{"count":22,"href":"https:\/\/fotbalmoravskebranice.cz\/index.php?rest_route=\/wp\/v2\/pages\/62\/revisions"}],"predecessor-version":[{"id":1726,"href":"https:\/\/fotbalmoravskebranice.cz\/index.php?rest_route=\/wp\/v2\/pages\/62\/revisions\/1726"}],"wp:attachment":[{"href":"https:\/\/fotbalmoravskebranice.cz\/index.php?rest_route=%2Fwp%2Fv2%2Fmedia&parent=62"}],"curies":[{"name":"wp","href":"https:\/\/api.w.org\/{rel}","templated":true}]}}